{"id":122,"date":"2024-07-10T08:56:30","date_gmt":"2024-07-10T08:56:30","guid":{"rendered":"https:\/\/xn--aadmaklalistemaja-72b.ee\/?page_id=122"},"modified":"2024-07-12T15:43:08","modified_gmt":"2024-07-12T15:43:08","slug":"meist","status":"publish","type":"page","link":"https:\/\/aadmak\u00fclalistemaja.ee\/?page_id=122","title":{"rendered":"Meist"},"content":{"rendered":"\n<div class=\"wp-block-group alignfull online_hotel_resort_booking-section-cf7ac390-dcf9-11ed-b405-5314f98b79fc is-layout-constrained wp-container-core-group-is-layout-c3630535 wp-block-group-is-layout-constrained\" style=\"padding-top:var(--wp--preset--spacing--50);padding-right:var(--wp--preset--spacing--40);padding-bottom:var(--wp--preset--spacing--50);padding-left:var(--wp--preset--spacing--40)\">\n<div class=\"wp-block-columns alignwide online_hotel_resort_booking-section-cf7a0040-dcf9-11ed-b405-5314f98b79fc is-layout-flex wp-container-core-columns-is-layout-08c01c1c wp-block-columns-is-layout-flex\">\n<div class=\"wp-block-column is-vertically-aligned-center online_hotel_resort_booking-section-cf7656c0-dcf9-11ed-b405-5314f98b79fc is-layout-flow wp-block-column-is-layout-flow\" style=\"flex-basis:50%\">\n<div class=\"wp-block-group online_hotel_resort_booking-section-cf759370-dcf9-11ed-b405-5314f98b79fc is-layout-constrained wp-block-group-is-layout-constrained\">\n<div class=\"wp-block-group online_hotel_resort_booking-section-cf728630-dcf9-11ed-b405-5314f98b79fc is-layout-constrained wp-block-group-is-layout-constrained\">\n<div class=\"wp-block-cover is-light animated animated-fadeInUp online_hotel_resort_booking-section-cf6edcb0-dcf9-11ed-b405-5314f98b79fc\" style=\"border-radius:21px;min-height:674px;aspect-ratio:unset;\"><span aria-hidden=\"true\" class=\"wp-block-cover__background has-background-dim-0 has-background-dim\" style=\"background-color:#95867e\"><\/span><img loading=\"lazy\" decoding=\"async\" width=\"2560\" height=\"1438\" class=\"wp-block-cover__image-background wp-image-181\" alt=\"\" src=\"https:\/\/xn--aadmaklalistemaja-72b.ee\/wp-content\/uploads\/2024\/07\/DJI_20240710202857_0040_D-scaled.jpg\" data-object-fit=\"cover\" srcset=\"https:\/\/aadmak\u00fclalistemaja.ee\/wp-content\/uploads\/2024\/07\/DJI_20240710202857_0040_D-scaled.jpg 2560w, https:\/\/aadmak\u00fclalistemaja.ee\/wp-content\/uploads\/2024\/07\/DJI_20240710202857_0040_D-300x169.jpg 300w, https:\/\/aadmak\u00fclalistemaja.ee\/wp-content\/uploads\/2024\/07\/DJI_20240710202857_0040_D-1024x575.jpg 1024w, https:\/\/aadmak\u00fclalistemaja.ee\/wp-content\/uploads\/2024\/07\/DJI_20240710202857_0040_D-768x431.jpg 768w, https:\/\/aadmak\u00fclalistemaja.ee\/wp-content\/uploads\/2024\/07\/DJI_20240710202857_0040_D-1536x863.jpg 1536w, https:\/\/aadmak\u00fclalistemaja.ee\/wp-content\/uploads\/2024\/07\/DJI_20240710202857_0040_D-2048x1150.jpg 2048w\" sizes=\"auto, (max-width: 2560px) 100vw, 2560px\" \/><div class=\"wp-block-cover__inner-container is-layout-constrained wp-block-cover-is-layout-constrained\">\n<p class=\"has-text-align-center has-large-font-size\"><\/p>\n<\/div><\/div>\n<\/div>\n<\/div>\n<\/div>\n\n\n\n<div class=\"wp-block-column is-vertically-aligned-center online_hotel_resort_booking-section-cf793cf0-dcf9-11ed-b405-5314f98b79fc is-layout-flow wp-block-column-is-layout-flow\" style=\"padding-top:40px;padding-right:0px;padding-bottom:40px;padding-left:0px\">\n<div class=\"wp-block-group alignwide online_hotel_resort_booking-section-cf7879a0-dcf9-11ed-b405-5314f98b79fc is-layout-constrained wp-block-group-is-layout-constrained\">\n<p><mark style=\"background-color:rgba(0, 0, 0, 0)\" class=\"has-inline-color has-foreground-color\">Aadma K\u00fclalistemaja asub Hiiumaal rahulikus ja maal\u00e4hedases Aadma k\u00fclas, k\u00f5igest 10-minutilise autos\u00f5idu kaugusel nii K\u00e4ina alevikust kui Kassari poolsaarest.<\/mark><\/p>\n\n\n\n<p><mark style=\"background-color:rgba(0, 0, 0, 0)\" class=\"has-inline-color has-foreground-color\">Hoone valmis 1720. aastal ja oli kasutusel Aadma m\u00f5isa juurde kuuluva aidana. 2023. aastal renoveeriti ja ehitati see \u00fcmber k\u00fclalistemajaks. Hoones paiknevad kaks k\u00fclaliskorterit, mis ootavad k\u00fclastama kuni 6-liikmelisi seltskondi.<\/mark><\/p>\n\n\n\n<div class=\"wp-block-buttons animated animated-fadeInUp online_hotel_resort_booking-section-a26be0e0-3759-11ee-9c07-cfea3ec3b5b8 is-layout-flex wp-block-buttons-is-layout-flex\"><\/div>\n<\/div>\n<\/div>\n<\/div>\n\n\n\n<p><\/p>\n<\/div>\n","protected":false},"excerpt":{"rendered":"<p>Aadma K\u00fclalistemaja asub Hiiumaal rahulikus ja maal\u00e4hedases Aadma k\u00fclas, k\u00f5igest 10-minutilise autos\u00f5idu kaugusel nii K\u00e4ina [&hellip;]<\/p>\n","protected":false},"author":1,"featured_media":0,"parent":0,"menu_order":0,"comment_status":"closed","ping_status":"closed","template":"","meta":{"footnotes":""},"class_list":["post-122","page","type-page","status-publish","hentry"],"_links":{"self":[{"href":"https:\/\/aadmak\u00fclalistemaja.ee\/index.php?rest_route=\/wp\/v2\/pages\/122","targetHints":{"allow":["GET"]}}],"collection":[{"href":"https:\/\/aadmak\u00fclalistemaja.ee\/index.php?rest_route=\/wp\/v2\/pages"}],"about":[{"href":"https:\/\/aadmak\u00fclalistemaja.ee\/index.php?rest_route=\/wp\/v2\/types\/page"}],"author":[{"embeddable":true,"href":"https:\/\/aadmak\u00fclalistemaja.ee\/index.php?rest_route=\/wp\/v2\/users\/1"}],"replies":[{"embeddable":true,"href":"https:\/\/aadmak\u00fclalistemaja.ee\/index.php?rest_route=%2Fwp%2Fv2%2Fcomments&post=122"}],"version-history":[{"count":3,"href":"https:\/\/aadmak\u00fclalistemaja.ee\/index.php?rest_route=\/wp\/v2\/pages\/122\/revisions"}],"predecessor-version":[{"id":182,"href":"https:\/\/aadmak\u00fclalistemaja.ee\/index.php?rest_route=\/wp\/v2\/pages\/122\/revisions\/182"}],"wp:attachment":[{"href":"https:\/\/aadmak\u00fclalistemaja.ee\/index.php?rest_route=%2Fwp%2Fv2%2Fmedia&parent=122"}],"curies":[{"name":"wp","href":"https:\/\/api.w.org\/{rel}","templated":true}]}}