{"id":210,"date":"2024-07-18T12:33:42","date_gmt":"2024-07-18T12:33:42","guid":{"rendered":"https:\/\/aadmak\u00fclalistemaja.ee\/?page_id=210"},"modified":"2024-07-18T12:39:04","modified_gmt":"2024-07-18T12:39:04","slug":"hetked-meie-juures","status":"publish","type":"page","link":"https:\/\/aadmak\u00fclalistemaja.ee\/?page_id=210","title":{"rendered":"Hetked meie juures"},"content":{"rendered":"\n<div class=\"wp-block-group alignfull online_hotel_resort_booking-section-ff727120-f9f4-11ed-8868-91c866c656bb has-background-secondary-background-color has-background is-layout-constrained wp-container-core-group-is-layout-4600d58e wp-block-group-is-layout-constrained\" style=\"padding-top:var(--wp--preset--spacing--50);padding-right:var(--wp--preset--spacing--40);padding-bottom:0;padding-left:var(--wp--preset--spacing--40)\">\n<div class=\"wp-block-columns alignwide are-vertically-aligned-center online_hotel_resort_booking-section-cf44bf70-dcf9-11ed-b405-5314f98b79fc is-layout-flex wp-container-core-columns-is-layout-87beb0d0 wp-block-columns-is-layout-flex\">\n<div class=\"wp-block-column is-vertically-aligned-center online_hotel_resort_booking-section-cf424e70-dcf9-11ed-b405-5314f98b79fc is-layout-flow wp-block-column-is-layout-flow\">\n<p class=\"has-text-align-left\"><strong>Hetked meie juures<\/strong><br><br>Valik j\u00e4\u00e4dvustusi hetkedest nii meie enda- kui meie klientide kaamerasilma l\u00e4bi. <\/p>\n<\/div>\n\n\n\n<div class=\"wp-block-column is-vertically-aligned-center online_hotel_resort_booking-section-cf442330-dcf9-11ed-b405-5314f98b79fc is-layout-flow wp-block-column-is-layout-flow\" style=\"flex-basis:30%\">\n<div class=\"wp-block-buttons animated animated-fadeInUp online_hotel_resort_booking-section-ff552520-f9f4-11ed-8868-91c866c656bb is-content-justification-right is-layout-flex wp-container-core-buttons-is-layout-fc2b73da wp-block-buttons-is-layout-flex\" style=\"margin-top:0px;margin-bottom:0px\"><\/div>\n<\/div>\n<\/div>\n\n\n\n<div class=\"wp-block-columns alignwide online_hotel_resort_booking-section-ff71add0-f9f4-11ed-8868-91c866c656bb is-layout-flex wp-container-core-columns-is-layout-87beb0d0 wp-block-columns-is-layout-flex\">\n<div class=\"wp-block-column online_hotel_resort_booking-section-ff5b66b0-f9f4-11ed-8868-91c866c656bb has-background is-layout-flow wp-block-column-is-layout-flow\" style=\"background-color:#ffb25900;padding-top:0;padding-right:0;padding-bottom:0;padding-left:0\">\n<div class=\"wp-block-group animated animated-fadeInUp online_hotel_resort_booking-section-ff5a7c50-f9f4-11ed-8868-91c866c656bb is-layout-constrained wp-container-core-group-is-layout-254f1302 wp-block-group-is-layout-constrained\" style=\"padding-top:0;padding-right:0;padding-bottom:0;padding-left:0\">\n<div class=\"wp-block-cover has-custom-content-position is-position-bottom-center image-zoom-hover online_hotel_resort_booking-section-ff5991f0-f9f4-11ed-8868-91c866c656bb\" style=\"border-style:none;border-width:0px;border-radius:10px;padding-top:var(--wp--preset--spacing--30);padding-right:var(--wp--preset--spacing--30);padding-bottom:var(--wp--preset--spacing--30);padding-left:var(--wp--preset--spacing--30);min-height:400px;aspect-ratio:unset;\"><span aria-hidden=\"true\" class=\"wp-block-cover__background has-background-dim-80 has-background-dim wp-block-cover__gradient-background has-background-gradient\" style=\"background:linear-gradient(355deg,rgb(0,0,0) 17%,rgba(0,0,0,0) 100%)\"><\/span><img loading=\"lazy\" decoding=\"async\" width=\"2560\" height=\"2560\" class=\"wp-block-cover__image-background wp-image-201\" alt=\"\" src=\"https:\/\/xn--aadmaklalistemaja-72b.ee\/wp-content\/uploads\/2024\/07\/IMG_1213-1-scaled.jpeg\" data-object-fit=\"cover\" srcset=\"https:\/\/aadmak\u00fclalistemaja.ee\/wp-content\/uploads\/2024\/07\/IMG_1213-1-scaled.jpeg 2560w, https:\/\/aadmak\u00fclalistemaja.ee\/wp-content\/uploads\/2024\/07\/IMG_1213-1-300x300.jpeg 300w, https:\/\/aadmak\u00fclalistemaja.ee\/wp-content\/uploads\/2024\/07\/IMG_1213-1-1024x1024.jpeg 1024w, https:\/\/aadmak\u00fclalistemaja.ee\/wp-content\/uploads\/2024\/07\/IMG_1213-1-150x150.jpeg 150w, https:\/\/aadmak\u00fclalistemaja.ee\/wp-content\/uploads\/2024\/07\/IMG_1213-1-768x768.jpeg 768w, https:\/\/aadmak\u00fclalistemaja.ee\/wp-content\/uploads\/2024\/07\/IMG_1213-1-1536x1536.jpeg 1536w, https:\/\/aadmak\u00fclalistemaja.ee\/wp-content\/uploads\/2024\/07\/IMG_1213-1-2048x2048.jpeg 2048w\" sizes=\"auto, (max-width: 2560px) 100vw, 2560px\" \/><div class=\"wp-block-cover__inner-container is-layout-flow wp-block-cover-is-layout-flow\">\n<div class=\"wp-block-group online_hotel_resort_booking-section-ff576f10-f9f4-11ed-8868-91c866c656bb is-layout-flow wp-container-core-group-is-layout-fe0e2ea3 wp-block-group-is-layout-flow\">\n<h3 class=\"wp-block-heading has-text-align-left online_hotel_resort_booking-section-ff56abc0-f9f4-11ed-8868-91c866c656bb has-white-color has-text-color has-link-color wp-elements-6a1f61f1522fbf094d66c54279b41ffc\" style=\"font-size:1.5rem;font-style:normal;font-weight:600;text-transform:capitalize\"><\/h3>\n<\/div>\n<\/div><\/div>\n<\/div>\n<\/div>\n\n\n\n<div class=\"wp-block-column online_hotel_resort_booking-section-ff6096d0-f9f4-11ed-8868-91c866c656bb has-background is-layout-flow wp-block-column-is-layout-flow\" style=\"background-color:#ffb25900;padding-top:0;padding-right:0;padding-bottom:0;padding-left:0\">\n<div class=\"wp-block-group animated animated-fadeInUp online_hotel_resort_booking-section-ff5fd380-f9f4-11ed-8868-91c866c656bb is-layout-constrained wp-container-core-group-is-layout-254f1302 wp-block-group-is-layout-constrained\" style=\"padding-top:0;padding-right:0;padding-bottom:0;padding-left:0\">\n<div class=\"wp-block-cover has-custom-content-position is-position-bottom-center image-zoom-hover online_hotel_resort_booking-section-ff5f1030-f9f4-11ed-8868-91c866c656bb\" style=\"border-radius:10px;padding-top:var(--wp--preset--spacing--30);padding-right:var(--wp--preset--spacing--30);padding-bottom:var(--wp--preset--spacing--30);padding-left:var(--wp--preset--spacing--30);min-height:400px;aspect-ratio:unset;\"><span aria-hidden=\"true\" class=\"wp-block-cover__background has-background-dim-80 has-background-dim wp-block-cover__gradient-background has-background-gradient\" style=\"background:linear-gradient(0deg,rgb(0,0,0) 18%,rgba(0,0,0,0) 100%)\"><\/span><img loading=\"lazy\" decoding=\"async\" width=\"2048\" height=\"1536\" class=\"wp-block-cover__image-background wp-image-184\" alt=\"\" src=\"https:\/\/xn--aadmaklalistemaja-72b.ee\/wp-content\/uploads\/2024\/07\/9e26aa55-fb7a-4ff8-8e8c-ae5983720efe.jpeg\" data-object-fit=\"cover\" srcset=\"https:\/\/aadmak\u00fclalistemaja.ee\/wp-content\/uploads\/2024\/07\/9e26aa55-fb7a-4ff8-8e8c-ae5983720efe.jpeg 2048w, https:\/\/aadmak\u00fclalistemaja.ee\/wp-content\/uploads\/2024\/07\/9e26aa55-fb7a-4ff8-8e8c-ae5983720efe-300x225.jpeg 300w, https:\/\/aadmak\u00fclalistemaja.ee\/wp-content\/uploads\/2024\/07\/9e26aa55-fb7a-4ff8-8e8c-ae5983720efe-1024x768.jpeg 1024w, https:\/\/aadmak\u00fclalistemaja.ee\/wp-content\/uploads\/2024\/07\/9e26aa55-fb7a-4ff8-8e8c-ae5983720efe-768x576.jpeg 768w, https:\/\/aadmak\u00fclalistemaja.ee\/wp-content\/uploads\/2024\/07\/9e26aa55-fb7a-4ff8-8e8c-ae5983720efe-1536x1152.jpeg 1536w\" sizes=\"auto, (max-width: 2048px) 100vw, 2048px\" \/><div class=\"wp-block-cover__inner-container is-layout-flow wp-block-cover-is-layout-flow\">\n<div class=\"wp-block-group online_hotel_resort_booking-section-ff5d1460-f9f4-11ed-8868-91c866c656bb is-layout-flow wp-container-core-group-is-layout-fe0e2ea3 wp-block-group-is-layout-flow\">\n<h3 class=\"wp-block-heading has-text-align-left online_hotel_resort_booking-section-ff5c2a00-f9f4-11ed-8868-91c866c656bb has-white-color has-text-color has-link-color wp-elements-ca7338ed887b147b0fbc052cc315ba91\" style=\"font-size:1.5rem;font-style:normal;font-weight:600;text-transform:capitalize\"><\/h3>\n<\/div>\n<\/div><\/div>\n<\/div>\n<\/div>\n\n\n\n<div class=\"wp-block-column online_hotel_resort_booking-section-ff661510-f9f4-11ed-8868-91c866c656bb has-background is-layout-flow wp-block-column-is-layout-flow\" style=\"background-color:#ffb25900;padding-top:0;padding-right:0;padding-bottom:0;padding-left:0\">\n<div class=\"wp-block-group animated animated-fadeInUp online_hotel_resort_booking-section-ff6551c0-f9f4-11ed-8868-91c866c656bb is-layout-constrained wp-container-core-group-is-layout-254f1302 wp-block-group-is-layout-constrained\" style=\"padding-top:0;padding-right:0;padding-bottom:0;padding-left:0\">\n<div class=\"wp-block-cover has-custom-content-position is-position-bottom-center image-zoom-hover online_hotel_resort_booking-section-ff646760-f9f4-11ed-8868-91c866c656bb\" style=\"border-style:none;border-width:0px;border-radius:10px;padding-top:var(--wp--preset--spacing--30);padding-right:var(--wp--preset--spacing--30);padding-bottom:var(--wp--preset--spacing--30);padding-left:var(--wp--preset--spacing--30);min-height:400px;aspect-ratio:unset;\"><span aria-hidden=\"true\" class=\"wp-block-cover__background has-background-dim-80 has-background-dim wp-block-cover__gradient-background has-background-gradient\" style=\"background:linear-gradient(0deg,rgb(0,0,0) 7%,rgba(0,0,0,0) 100%)\"><\/span><img loading=\"lazy\" decoding=\"async\" width=\"2560\" height=\"1707\" class=\"wp-block-cover__image-background wp-image-186\" alt=\"\" src=\"https:\/\/xn--aadmaklalistemaja-72b.ee\/wp-content\/uploads\/2024\/07\/IMG_1332-scaled.jpeg\" data-object-fit=\"cover\" srcset=\"https:\/\/aadmak\u00fclalistemaja.ee\/wp-content\/uploads\/2024\/07\/IMG_1332-scaled.jpeg 2560w, https:\/\/aadmak\u00fclalistemaja.ee\/wp-content\/uploads\/2024\/07\/IMG_1332-300x200.jpeg 300w, https:\/\/aadmak\u00fclalistemaja.ee\/wp-content\/uploads\/2024\/07\/IMG_1332-1024x683.jpeg 1024w, https:\/\/aadmak\u00fclalistemaja.ee\/wp-content\/uploads\/2024\/07\/IMG_1332-768x512.jpeg 768w, https:\/\/aadmak\u00fclalistemaja.ee\/wp-content\/uploads\/2024\/07\/IMG_1332-1536x1024.jpeg 1536w, https:\/\/aadmak\u00fclalistemaja.ee\/wp-content\/uploads\/2024\/07\/IMG_1332-2048x1365.jpeg 2048w\" sizes=\"auto, (max-width: 2560px) 100vw, 2560px\" \/><div class=\"wp-block-cover__inner-container is-layout-flow wp-block-cover-is-layout-flow\">\n<div class=\"wp-block-group online_hotel_resort_booking-section-ff624480-f9f4-11ed-8868-91c866c656bb is-layout-flow wp-container-core-group-is-layout-fe0e2ea3 wp-block-group-is-layout-flow\">\n<h3 class=\"wp-block-heading has-text-align-left online_hotel_resort_booking-section-ff618130-f9f4-11ed-8868-91c866c656bb has-white-color has-text-color has-link-color wp-elements-807355e4516424c2e687cac7e2f91409\" style=\"font-size:1.5rem;font-style:normal;font-weight:600;text-transform:capitalize\"><\/h3>\n<\/div>\n<\/div><\/div>\n<\/div>\n<\/div>\n<\/div>\n\n\n\n<div class=\"wp-block-columns alignwide online_hotel_resort_booking-section-ff71add0-f9f4-11ed-8868-91c866c656bb is-layout-flex wp-container-core-columns-is-layout-87beb0d0 wp-block-columns-is-layout-flex\">\n<div class=\"wp-block-column online_hotel_resort_booking-section-ff6096d0-f9f4-11ed-8868-91c866c656bb has-background is-layout-flow wp-block-column-is-layout-flow\" style=\"background-color:#ffb25900;padding-top:0;padding-right:0;padding-bottom:0;padding-left:0\">\n<div class=\"wp-block-group animated animated-fadeInUp online_hotel_resort_booking-section-ff5fd380-f9f4-11ed-8868-91c866c656bb is-layout-constrained wp-container-core-group-is-layout-254f1302 wp-block-group-is-layout-constrained\" style=\"padding-top:0;padding-right:0;padding-bottom:0;padding-left:0\">\n<div class=\"wp-block-cover has-custom-content-position is-position-bottom-center image-zoom-hover online_hotel_resort_booking-section-ff5f1030-f9f4-11ed-8868-91c866c656bb\" style=\"border-radius:10px;padding-top:var(--wp--preset--spacing--30);padding-right:var(--wp--preset--spacing--30);padding-bottom:var(--wp--preset--spacing--30);padding-left:var(--wp--preset--spacing--30);min-height:400px;aspect-ratio:unset;\"><span aria-hidden=\"true\" class=\"wp-block-cover__background has-background-dim-80 has-background-dim wp-block-cover__gradient-background has-background-gradient\" style=\"background:linear-gradient(0deg,rgb(5,5,5) 0%,rgba(10,10,10,0.01) 100%)\"><\/span><img loading=\"lazy\" decoding=\"async\" width=\"1920\" height=\"2560\" class=\"wp-block-cover__image-background wp-image-200\" alt=\"\" src=\"https:\/\/xn--aadmaklalistemaja-72b.ee\/wp-content\/uploads\/2024\/07\/IMG_1428-scaled.jpeg\" data-object-fit=\"cover\" srcset=\"https:\/\/aadmak\u00fclalistemaja.ee\/wp-content\/uploads\/2024\/07\/IMG_1428-scaled.jpeg 1920w, https:\/\/aadmak\u00fclalistemaja.ee\/wp-content\/uploads\/2024\/07\/IMG_1428-225x300.jpeg 225w, https:\/\/aadmak\u00fclalistemaja.ee\/wp-content\/uploads\/2024\/07\/IMG_1428-768x1024.jpeg 768w, https:\/\/aadmak\u00fclalistemaja.ee\/wp-content\/uploads\/2024\/07\/IMG_1428-1152x1536.jpeg 1152w, https:\/\/aadmak\u00fclalistemaja.ee\/wp-content\/uploads\/2024\/07\/IMG_1428-1536x2048.jpeg 1536w\" sizes=\"auto, (max-width: 1920px) 100vw, 1920px\" \/><div class=\"wp-block-cover__inner-container is-layout-flow wp-block-cover-is-layout-flow\">\n<div class=\"wp-block-group online_hotel_resort_booking-section-ff5d1460-f9f4-11ed-8868-91c866c656bb is-layout-flow wp-container-core-group-is-layout-fe0e2ea3 wp-block-group-is-layout-flow\">\n<h3 class=\"wp-block-heading has-text-align-left online_hotel_resort_booking-section-ff5c2a00-f9f4-11ed-8868-91c866c656bb has-white-color has-text-color has-link-color wp-elements-ca7338ed887b147b0fbc052cc315ba91\" style=\"font-size:1.5rem;font-style:normal;font-weight:600;text-transform:capitalize\"><\/h3>\n<\/div>\n<\/div><\/div>\n<\/div>\n<\/div>\n\n\n\n<div class=\"wp-block-column online_hotel_resort_booking-section-ff6b4530-f9f4-11ed-8868-91c866c656bb has-background is-layout-flow wp-block-column-is-layout-flow\" style=\"background-color:#ffb25900;padding-top:0;padding-right:0;padding-bottom:0;padding-left:0\">\n<div class=\"wp-block-group animated animated-fadeInUp online_hotel_resort_booking-section-ff6a81e0-f9f4-11ed-8868-91c866c656bb is-layout-constrained wp-container-core-group-is-layout-254f1302 wp-block-group-is-layout-constrained\" style=\"padding-top:0;padding-right:0;padding-bottom:0;padding-left:0\">\n<div class=\"wp-block-cover has-custom-content-position is-position-bottom-center image-zoom-hover online_hotel_resort_booking-section-ff69be90-f9f4-11ed-8868-91c866c656bb\" style=\"border-radius:10px;padding-top:var(--wp--preset--spacing--30);padding-right:var(--wp--preset--spacing--30);padding-bottom:var(--wp--preset--spacing--30);padding-left:var(--wp--preset--spacing--30);min-height:400px;aspect-ratio:unset;\"><span aria-hidden=\"true\" class=\"wp-block-cover__background has-background-dim-80 has-background-dim wp-block-cover__gradient-background has-background-gradient\" style=\"background:linear-gradient(0deg,rgb(2,2,2) 0%,rgba(2,2,2,0.03) 100%)\"><\/span><img loading=\"lazy\" decoding=\"async\" width=\"1920\" height=\"2560\" class=\"wp-block-cover__image-background wp-image-202\" alt=\"\" src=\"https:\/\/xn--aadmaklalistemaja-72b.ee\/wp-content\/uploads\/2024\/07\/IMG_9498-scaled.jpeg\" data-object-fit=\"cover\" srcset=\"https:\/\/aadmak\u00fclalistemaja.ee\/wp-content\/uploads\/2024\/07\/IMG_9498-scaled.jpeg 1920w, https:\/\/aadmak\u00fclalistemaja.ee\/wp-content\/uploads\/2024\/07\/IMG_9498-225x300.jpeg 225w, https:\/\/aadmak\u00fclalistemaja.ee\/wp-content\/uploads\/2024\/07\/IMG_9498-768x1024.jpeg 768w, https:\/\/aadmak\u00fclalistemaja.ee\/wp-content\/uploads\/2024\/07\/IMG_9498-1152x1536.jpeg 1152w, https:\/\/aadmak\u00fclalistemaja.ee\/wp-content\/uploads\/2024\/07\/IMG_9498-1536x2048.jpeg 1536w\" sizes=\"auto, (max-width: 1920px) 100vw, 1920px\" \/><div class=\"wp-block-cover__inner-container is-layout-flow wp-block-cover-is-layout-flow\">\n<div class=\"wp-block-group online_hotel_resort_booking-section-ff67c2c0-f9f4-11ed-8868-91c866c656bb is-layout-flow wp-container-core-group-is-layout-fe0e2ea3 wp-block-group-is-layout-flow\">\n<h3 class=\"wp-block-heading has-text-align-left online_hotel_resort_booking-section-ff66d860-f9f4-11ed-8868-91c866c656bb has-white-color has-text-color has-link-color wp-elements-c9def91cdf6380efac1a16905198e002\" style=\"font-size:1.5rem;font-style:normal;font-weight:600;text-transform:capitalize\"><\/h3>\n<\/div>\n<\/div><\/div>\n<\/div>\n<\/div>\n\n\n\n<div class=\"wp-block-column online_hotel_resort_booking-section-ff70ea80-f9f4-11ed-8868-91c866c656bb has-background is-layout-flow wp-block-column-is-layout-flow\" style=\"background-color:#ffb25900;padding-top:0;padding-right:0;padding-bottom:0;padding-left:0\">\n<div class=\"wp-block-group animated animated-fadeInUp online_hotel_resort_booking-section-ff700020-f9f4-11ed-8868-91c866c656bb is-layout-constrained wp-container-core-group-is-layout-254f1302 wp-block-group-is-layout-constrained\" style=\"padding-top:0;padding-right:0;padding-bottom:0;padding-left:0\">\n<div class=\"wp-block-cover has-custom-content-position is-position-bottom-center image-zoom-hover online_hotel_resort_booking-section-ff6f15c0-f9f4-11ed-8868-91c866c656bb\" style=\"border-radius:10px;padding-top:var(--wp--preset--spacing--30);padding-right:var(--wp--preset--spacing--30);padding-bottom:var(--wp--preset--spacing--30);padding-left:var(--wp--preset--spacing--30);min-height:400px;aspect-ratio:unset;\"><span aria-hidden=\"true\" class=\"wp-block-cover__background has-background-dim-90 has-background-dim wp-block-cover__gradient-background has-background-gradient\" style=\"background:linear-gradient(0deg,rgba(0,0,0,0.99) 0%,rgba(5,5,5,0.01) 100%)\"><\/span><img loading=\"lazy\" decoding=\"async\" width=\"1920\" height=\"2560\" class=\"wp-block-cover__image-background wp-image-203\" alt=\"\" src=\"https:\/\/xn--aadmaklalistemaja-72b.ee\/wp-content\/uploads\/2024\/07\/IMG_1907-scaled.jpeg\" data-object-fit=\"cover\" srcset=\"https:\/\/aadmak\u00fclalistemaja.ee\/wp-content\/uploads\/2024\/07\/IMG_1907-scaled.jpeg 1920w, https:\/\/aadmak\u00fclalistemaja.ee\/wp-content\/uploads\/2024\/07\/IMG_1907-225x300.jpeg 225w, https:\/\/aadmak\u00fclalistemaja.ee\/wp-content\/uploads\/2024\/07\/IMG_1907-768x1024.jpeg 768w, https:\/\/aadmak\u00fclalistemaja.ee\/wp-content\/uploads\/2024\/07\/IMG_1907-1152x1536.jpeg 1152w, https:\/\/aadmak\u00fclalistemaja.ee\/wp-content\/uploads\/2024\/07\/IMG_1907-1536x2048.jpeg 1536w\" sizes=\"auto, (max-width: 1920px) 100vw, 1920px\" \/><div class=\"wp-block-cover__inner-container is-layout-flow wp-block-cover-is-layout-flow\">\n<div class=\"wp-block-group online_hotel_resort_booking-section-ff6cf2e0-f9f4-11ed-8868-91c866c656bb is-layout-flow wp-container-core-group-is-layout-fe0e2ea3 wp-block-group-is-layout-flow\">\n<h3 class=\"wp-block-heading has-text-align-left online_hotel_resort_booking-section-ff6c2f90-f9f4-11ed-8868-91c866c656bb has-white-color has-text-color has-link-color wp-elements-6d39a5623b68483f38ec708142035fb7\" style=\"font-size:1.5rem;font-style:normal;font-weight:600;text-transform:capitalize\"><\/h3>\n<\/div>\n<\/div><\/div>\n<\/div>\n<\/div>\n<\/div>\n<\/div>\n","protected":false},"excerpt":{"rendered":"<p>Hetked meie juures Valik j\u00e4\u00e4dvustusi hetkedest nii meie enda- kui meie klientide kaamerasilma l\u00e4bi.<\/p>\n","protected":false},"author":1,"featured_media":0,"parent":0,"menu_order":0,"comment_status":"closed","ping_status":"closed","template":"","meta":{"footnotes":""},"class_list":["post-210","page","type-page","status-publish","hentry"],"_links":{"self":[{"href":"https:\/\/aadmak\u00fclalistemaja.ee\/index.php?rest_route=\/wp\/v2\/pages\/210","targetHints":{"allow":["GET"]}}],"collection":[{"href":"https:\/\/aadmak\u00fclalistemaja.ee\/index.php?rest_route=\/wp\/v2\/pages"}],"about":[{"href":"https:\/\/aadmak\u00fclalistemaja.ee\/index.php?rest_route=\/wp\/v2\/types\/page"}],"author":[{"embeddable":true,"href":"https:\/\/aadmak\u00fclalistemaja.ee\/index.php?rest_route=\/wp\/v2\/users\/1"}],"replies":[{"embeddable":true,"href":"https:\/\/aadmak\u00fclalistemaja.ee\/index.php?rest_route=%2Fwp%2Fv2%2Fcomments&post=210"}],"version-history":[{"count":5,"href":"https:\/\/aadmak\u00fclalistemaja.ee\/index.php?rest_route=\/wp\/v2\/pages\/210\/revisions"}],"predecessor-version":[{"id":225,"href":"https:\/\/aadmak\u00fclalistemaja.ee\/index.php?rest_route=\/wp\/v2\/pages\/210\/revisions\/225"}],"wp:attachment":[{"href":"https:\/\/aadmak\u00fclalistemaja.ee\/index.php?rest_route=%2Fwp%2Fv2%2Fmedia&parent=210"}],"curies":[{"name":"wp","href":"https:\/\/api.w.org\/{rel}","templated":true}]}}